{"id":12954,"date":"2020-08-27T08:23:10","date_gmt":"2020-08-27T06:23:10","guid":{"rendered":"https:\/\/domaine-de-thoricourt.be\/?page_id=12954"},"modified":"2026-04-13T21:45:35","modified_gmt":"2026-04-13T19:45:35","slug":"privacy-policy","status":"publish","type":"page","link":"https:\/\/domaine-de-thoricourt.be\/en\/privacy-policy\/","title":{"rendered":"Privacy Policies"},"content":{"rendered":"<div data-elementor-type=\"wp-page\" data-elementor-id=\"12954\" class=\"elementor elementor-12954\">\n\t\t\t\t\t\t<section class=\"elementor-section elementor-top-section elementor-element elementor-element-2b1184b0 elementor-section-boxed elementor-section-height-default elementor-section-height-default sc_fly_static\" data-id=\"2b1184b0\" data-element_type=\"section\" data-e-type=\"section\" data-settings=\"{&quot;background_background&quot;:&quot;classic&quot;}\">\n\t\t\t\t\t\t<div class=\"elementor-container elementor-column-gap-extended\">\n\t\t\t\t\t<div class=\"elementor-column elementor-col-100 elementor-top-column elementor-element elementor-element-153e1c19 sc_inner_width_none sc_content_align_inherit sc_layouts_column_icons_position_left sc_fly_static\" data-id=\"153e1c19\" data-element_type=\"column\" data-e-type=\"column\">\n\t\t\t<div class=\"elementor-widget-wrap elementor-element-populated\">\n\t\t\t\t\t\t<div class=\"elementor-element elementor-element-54db29de sc_fly_static elementor-widget elementor-widget-text-editor\" data-id=\"54db29de\" data-element_type=\"widget\" data-e-type=\"widget\" data-widget_type=\"text-editor.default\">\n\t\t\t\t<div class=\"elementor-widget-container\">\n\t\t\t\t\t\t\t\t\t<h5>Cookie management<\/h5><p>By using our site, you explicitly declare that you have read the privacy policy of the LC Domaine de Thoricourt, thereby informing you of the processing of your personal data according to the methods and principles described here.<\/p><p>Our site uses cookies to improve the features it offers. Cookies are data that are saved on your device and that allow the site to retain certain information about you for better navigation.<\/p><p>We use various cookies for specific purposes:<\/p><p>\u25d9 Necessary cookies: these are used to enable various features to be used correctly on the site. These cookies do not collect any personal data;<\/p><p>\u25d9 Functional cookies: these are those that allow greater comfort when using certain features of the site. For example, they can save the user&#039;s address to automatically fill in the &quot;address&quot; field of a form and avoid the user having to complete it themselves.<\/p><p>By clicking on the &quot;I agree&quot; button, you agree to the use of cookies (Article 6, 1, a of the GDPR). You can revoke this approval at any time by clicking on the &quot;Privacy Policy&quot; button located at the bottom of the site. In case you do not wish to authorize cookies, the use of certain functionalities may be altered.<\/p>\t\t\t\t\t\t\t\t<\/div>\n\t\t\t\t<\/div>\n\t\t\t\t\t<\/div>\n\t\t<\/div>\n\t\t\t\t\t<\/div>\n\t\t<\/section>\n\t\t\t\t<section class=\"elementor-section elementor-top-section elementor-element elementor-element-7ef86bc8 elementor-section-boxed elementor-section-height-default elementor-section-height-default sc_fly_static\" data-id=\"7ef86bc8\" data-element_type=\"section\" data-e-type=\"section\">\n\t\t\t\t\t\t<div class=\"elementor-container elementor-column-gap-extended\">\n\t\t\t\t\t<div class=\"elementor-column elementor-col-100 elementor-top-column elementor-element elementor-element-19372eea sc_inner_width_none sc_content_align_inherit sc_layouts_column_icons_position_left sc_fly_static\" data-id=\"19372eea\" data-element_type=\"column\" data-e-type=\"column\">\n\t\t\t<div class=\"elementor-widget-wrap elementor-element-populated\">\n\t\t\t\t\t\t<div class=\"elementor-element elementor-element-690b98ed sc_fly_static elementor-widget elementor-widget-spacer\" data-id=\"690b98ed\" data-element_type=\"widget\" data-e-type=\"widget\" data-widget_type=\"spacer.default\">\n\t\t\t\t<div class=\"elementor-widget-container\">\n\t\t\t\t\t\t\t<div class=\"elementor-spacer\">\n\t\t\t<div class=\"elementor-spacer-inner\"><\/div>\n\t\t<\/div>\n\t\t\t\t\t\t<\/div>\n\t\t\t\t<\/div>\n\t\t\t\t\t<\/div>\n\t\t<\/div>\n\t\t\t\t\t<\/div>\n\t\t<\/section>\n\t\t\t\t<section class=\"elementor-section elementor-top-section elementor-element elementor-element-a2ec18c elementor-section-boxed elementor-section-height-default elementor-section-height-default sc_fly_static\" data-id=\"a2ec18c\" data-element_type=\"section\" data-e-type=\"section\" data-settings=\"{&quot;background_background&quot;:&quot;classic&quot;}\">\n\t\t\t\t\t\t<div class=\"elementor-container elementor-column-gap-extended\">\n\t\t\t\t\t<div class=\"elementor-column elementor-col-100 elementor-top-column elementor-element elementor-element-e4f67bc sc_inner_width_none sc_content_align_inherit sc_layouts_column_icons_position_left sc_fly_static\" data-id=\"e4f67bc\" data-element_type=\"column\" data-e-type=\"column\">\n\t\t\t<div class=\"elementor-widget-wrap elementor-element-populated\">\n\t\t\t\t\t\t<div class=\"elementor-element elementor-element-fc87c00 sc_fly_static elementor-widget elementor-widget-text-editor\" data-id=\"fc87c00\" data-element_type=\"widget\" data-e-type=\"widget\" data-widget_type=\"text-editor.default\">\n\t\t\t\t<div class=\"elementor-widget-container\">\n\t\t\t\t\t\t\t\t\t<h5>Processing of personal data<\/h5>\n<p>The LC Domaine de Thoricourt operates as the data controller with regard to the personal data that is collected and processed in connection with your use of the site.<\/p>\n<p>All data concerning the user collected through cookies or forms on the site are stored in our database only if the user has given their prior consent. This information will not be used under conditions other than those accepted by the user. The user has the right to view each piece of information concerning them: they can consult, modify or delete it whenever they wish and without having to provide a reason to the LC Domaine de Thoricourt. To do this, the user can contact the data processing manager by email at info@domaine-de-thoricourt.be.<\/p>\n<p>Once the request has been submitted, the LC Domaine de Thoricourt will contact the user as soon as possible to follow up on their request.<\/p>\n<p>Your data may be used for:<\/p>\n<p>\u25d9 Allow SA Domaine de Thoricourt to respond to your requests;<\/p>\n<p>\u25d9 Provide our services to the user;<\/p>\n<p>\u25d9 Improve user experience;<\/p>\n<p>\u25d9 Analyze this data to improve the operation of the site;<\/p>\n<p>Your data will not be transmitted to any third party without your consent. the LC Domaine de Thoricourt will not disclose your personal data to third parties for direct marketing purposes, nor will it process your personal data for prospecting purposes, including profiling.<\/p>\t\t\t\t\t\t\t\t<\/div>\n\t\t\t\t<\/div>\n\t\t\t\t\t<\/div>\n\t\t<\/div>\n\t\t\t\t\t<\/div>\n\t\t<\/section>\n\t\t\t\t<section class=\"elementor-section elementor-top-section elementor-element elementor-element-1ce0fbce elementor-section-boxed elementor-section-height-default elementor-section-height-default sc_fly_static\" data-id=\"1ce0fbce\" data-element_type=\"section\" data-e-type=\"section\">\n\t\t\t\t\t\t<div class=\"elementor-container elementor-column-gap-extended\">\n\t\t\t\t\t<div class=\"elementor-column elementor-col-100 elementor-top-column elementor-element elementor-element-71737124 sc_inner_width_none sc_content_align_inherit sc_layouts_column_icons_position_left sc_fly_static\" data-id=\"71737124\" data-element_type=\"column\" data-e-type=\"column\">\n\t\t\t<div class=\"elementor-widget-wrap elementor-element-populated\">\n\t\t\t\t\t\t<div class=\"elementor-element elementor-element-653057c1 sc_fly_static elementor-widget elementor-widget-spacer\" data-id=\"653057c1\" data-element_type=\"widget\" data-e-type=\"widget\" data-widget_type=\"spacer.default\">\n\t\t\t\t<div class=\"elementor-widget-container\">\n\t\t\t\t\t\t\t<div class=\"elementor-spacer\">\n\t\t\t<div class=\"elementor-spacer-inner\"><\/div>\n\t\t<\/div>\n\t\t\t\t\t\t<\/div>\n\t\t\t\t<\/div>\n\t\t\t\t\t<\/div>\n\t\t<\/div>\n\t\t\t\t\t<\/div>\n\t\t<\/section>\n\t\t\t\t<section class=\"elementor-section elementor-top-section elementor-element elementor-element-7321157f elementor-section-boxed elementor-section-height-default elementor-section-height-default sc_fly_static\" data-id=\"7321157f\" data-element_type=\"section\" data-e-type=\"section\" data-settings=\"{&quot;background_background&quot;:&quot;classic&quot;}\">\n\t\t\t\t\t\t<div class=\"elementor-container elementor-column-gap-extended\">\n\t\t\t\t\t<div class=\"elementor-column elementor-col-100 elementor-top-column elementor-element elementor-element-770fd656 sc_inner_width_none sc_content_align_inherit sc_layouts_column_icons_position_left sc_fly_static\" data-id=\"770fd656\" data-element_type=\"column\" data-e-type=\"column\">\n\t\t\t<div class=\"elementor-widget-wrap elementor-element-populated\">\n\t\t\t\t\t\t<div class=\"elementor-element elementor-element-20d12e1e sc_fly_static elementor-widget elementor-widget-text-editor\" data-id=\"20d12e1e\" data-element_type=\"widget\" data-e-type=\"widget\" data-widget_type=\"text-editor.default\">\n\t\t\t\t<div class=\"elementor-widget-container\">\n\t\t\t\t\t\t\t\t\t<h5>Security<\/h5><p>We make reasonable efforts to protect Users&#039; personal information, but no company, including our COMPANY, can completely eliminate the security risks associated with handling information over the Internet. For example, our Users&#039; personal information may be affected by acts beyond our control, such as &quot;hacking&quot; and physical theft. User acknowledges that he or she provides his or her personal information at his or her own risk.<\/p>\t\t\t\t\t\t\t\t<\/div>\n\t\t\t\t<\/div>\n\t\t\t\t\t<\/div>\n\t\t<\/div>\n\t\t\t\t\t<\/div>\n\t\t<\/section>\n\t\t\t\t<section class=\"elementor-section elementor-top-section elementor-element elementor-element-6d09f250 elementor-section-boxed elementor-section-height-default elementor-section-height-default sc_fly_static\" data-id=\"6d09f250\" data-element_type=\"section\" data-e-type=\"section\">\n\t\t\t\t\t\t<div class=\"elementor-container elementor-column-gap-extended\">\n\t\t\t\t\t<div class=\"elementor-column elementor-col-100 elementor-top-column elementor-element elementor-element-936cd29 sc_inner_width_none sc_content_align_inherit sc_layouts_column_icons_position_left sc_fly_static\" data-id=\"936cd29\" data-element_type=\"column\" data-e-type=\"column\">\n\t\t\t<div class=\"elementor-widget-wrap elementor-element-populated\">\n\t\t\t\t\t\t<div class=\"elementor-element elementor-element-1a296be8 sc_fly_static elementor-widget elementor-widget-spacer\" data-id=\"1a296be8\" data-element_type=\"widget\" data-e-type=\"widget\" data-widget_type=\"spacer.default\">\n\t\t\t\t<div class=\"elementor-widget-container\">\n\t\t\t\t\t\t\t<div class=\"elementor-spacer\">\n\t\t\t<div class=\"elementor-spacer-inner\"><\/div>\n\t\t<\/div>\n\t\t\t\t\t\t<\/div>\n\t\t\t\t<\/div>\n\t\t\t\t\t<\/div>\n\t\t<\/div>\n\t\t\t\t\t<\/div>\n\t\t<\/section>\n\t\t\t\t<\/div>","protected":false},"excerpt":{"rendered":"<p>Cookie management By using our site, you explicitly declare that you have read the privacy policy of SA Domaine de Thoricourt, thus informing you of the processing of your personal data\u2026<\/p>","protected":false},"author":1,"featured_media":0,"parent":0,"menu_order":0,"comment_status":"closed","ping_status":"closed","template":"","meta":{"footnotes":""},"class_list":["post-12954","page","type-page","status-publish","hentry"],"yoast_head":"<!-- This site is optimized with the Yoast SEO plugin v24.1 - https:\/\/yoast.com\/wordpress\/plugins\/seo\/ -->\n<title>Politiques de confidentialit\u00e9 - Domaine de Thoricourt<\/title>\n<meta name=\"robots\" content=\"index, follow, max-snippet:-1, max-image-preview:large, max-video-preview:-1\" \/>\n<link rel=\"canonical\" href=\"https:\/\/domaine-de-thoricourt.be\/en\/privacy-policy\/\" \/>\n<meta property=\"og:locale\" content=\"en_US\" \/>\n<meta property=\"og:type\" content=\"article\" \/>\n<meta property=\"og:title\" content=\"Politiques de confidentialit\u00e9 - Domaine de Thoricourt\" \/>\n<meta property=\"og:description\" content=\"Gestion des cookies En utilisant notre site, vous d\u00e9clarez explicitement avoir lu la politique de confidentialit\u00e9 de S.A. Domaine de Thoricourt, vous informant ainsi du traitement de vos donn\u00e9es personnelles&hellip;\" \/>\n<meta property=\"og:url\" content=\"https:\/\/domaine-de-thoricourt.be\/en\/privacy-policy\/\" \/>\n<meta property=\"og:site_name\" content=\"Domaine de Thoricourt\" \/>\n<meta property=\"article:modified_time\" content=\"2026-04-13T19:45:35+00:00\" \/>\n<meta name=\"twitter:card\" content=\"summary_large_image\" \/>\n<meta name=\"twitter:label1\" content=\"Est. reading time\" \/>\n\t<meta name=\"twitter:data1\" content=\"3 minutes\" \/>\n<script type=\"application\/ld+json\" class=\"yoast-schema-graph\">{\"@context\":\"https:\/\/schema.org\",\"@graph\":[{\"@type\":\"WebPage\",\"@id\":\"https:\/\/domaine-de-thoricourt.be\/privacy-policy\/\",\"url\":\"https:\/\/domaine-de-thoricourt.be\/privacy-policy\/\",\"name\":\"Politiques de confidentialit\u00e9 - Domaine de Thoricourt\",\"isPartOf\":{\"@id\":\"https:\/\/domaine-de-thoricourt.be\/#website\"},\"datePublished\":\"2020-08-27T06:23:10+00:00\",\"dateModified\":\"2026-04-13T19:45:35+00:00\",\"breadcrumb\":{\"@id\":\"https:\/\/domaine-de-thoricourt.be\/privacy-policy\/#breadcrumb\"},\"inLanguage\":\"en-US\",\"potentialAction\":[{\"@type\":\"ReadAction\",\"target\":[\"https:\/\/domaine-de-thoricourt.be\/privacy-policy\/\"]}]},{\"@type\":\"BreadcrumbList\",\"@id\":\"https:\/\/domaine-de-thoricourt.be\/privacy-policy\/#breadcrumb\",\"itemListElement\":[{\"@type\":\"ListItem\",\"position\":1,\"name\":\"Accueil\",\"item\":\"https:\/\/domaine-de-thoricourt.be\/\"},{\"@type\":\"ListItem\",\"position\":2,\"name\":\"Politiques de confidentialit\u00e9\"}]},{\"@type\":\"WebSite\",\"@id\":\"https:\/\/domaine-de-thoricourt.be\/#website\",\"url\":\"https:\/\/domaine-de-thoricourt.be\/\",\"name\":\"Domaine de Thoricourt\",\"description\":\"Le ch\u00e2teau de Thoricourt pour un \u00e9v\u00e8nements magique\",\"publisher\":{\"@id\":\"https:\/\/domaine-de-thoricourt.be\/#organization\"},\"potentialAction\":[{\"@type\":\"SearchAction\",\"target\":{\"@type\":\"EntryPoint\",\"urlTemplate\":\"https:\/\/domaine-de-thoricourt.be\/?s={search_term_string}\"},\"query-input\":{\"@type\":\"PropertyValueSpecification\",\"valueRequired\":true,\"valueName\":\"search_term_string\"}}],\"inLanguage\":\"en-US\"},{\"@type\":\"Organization\",\"@id\":\"https:\/\/domaine-de-thoricourt.be\/#organization\",\"name\":\"Domaine de Thoricourt\",\"url\":\"https:\/\/domaine-de-thoricourt.be\/\",\"logo\":{\"@type\":\"ImageObject\",\"inLanguage\":\"en-US\",\"@id\":\"https:\/\/domaine-de-thoricourt.be\/#\/schema\/logo\/image\/\",\"url\":\"https:\/\/domaine-de-thoricourt.be\/wp-content\/uploads\/2023\/03\/cropped-301116107_421294456766014_464120631137044561_n.jpg\",\"contentUrl\":\"https:\/\/domaine-de-thoricourt.be\/wp-content\/uploads\/2023\/03\/cropped-301116107_421294456766014_464120631137044561_n.jpg\",\"width\":303,\"height\":200,\"caption\":\"Domaine de Thoricourt\"},\"image\":{\"@id\":\"https:\/\/domaine-de-thoricourt.be\/#\/schema\/logo\/image\/\"}}]}<\/script>\n<!-- \/ Yoast SEO plugin. -->","yoast_head_json":{"title":"Privacy Policy - Domaine de Thoricourt","robots":{"index":"index","follow":"follow","max-snippet":"max-snippet:-1","max-image-preview":"max-image-preview:large","max-video-preview":"max-video-preview:-1"},"canonical":"https:\/\/domaine-de-thoricourt.be\/en\/privacy-policy\/","og_locale":"en_US","og_type":"article","og_title":"Politiques de confidentialit\u00e9 - Domaine de Thoricourt","og_description":"Gestion des cookies En utilisant notre site, vous d\u00e9clarez explicitement avoir lu la politique de confidentialit\u00e9 de S.A. Domaine de Thoricourt, vous informant ainsi du traitement de vos donn\u00e9es personnelles&hellip;","og_url":"https:\/\/domaine-de-thoricourt.be\/en\/privacy-policy\/","og_site_name":"Domaine de Thoricourt","article_modified_time":"2026-04-13T19:45:35+00:00","twitter_card":"summary_large_image","twitter_misc":{"Est. reading time":"3 minutes"},"schema":{"@context":"https:\/\/schema.org","@graph":[{"@type":"WebPage","@id":"https:\/\/domaine-de-thoricourt.be\/privacy-policy\/","url":"https:\/\/domaine-de-thoricourt.be\/privacy-policy\/","name":"Privacy Policy - Domaine de Thoricourt","isPartOf":{"@id":"https:\/\/domaine-de-thoricourt.be\/#website"},"datePublished":"2020-08-27T06:23:10+00:00","dateModified":"2026-04-13T19:45:35+00:00","breadcrumb":{"@id":"https:\/\/domaine-de-thoricourt.be\/privacy-policy\/#breadcrumb"},"inLanguage":"en-US","potentialAction":[{"@type":"ReadAction","target":["https:\/\/domaine-de-thoricourt.be\/privacy-policy\/"]}]},{"@type":"BreadcrumbList","@id":"https:\/\/domaine-de-thoricourt.be\/privacy-policy\/#breadcrumb","itemListElement":[{"@type":"ListItem","position":1,"name":"Accueil","item":"https:\/\/domaine-de-thoricourt.be\/"},{"@type":"ListItem","position":2,"name":"Politiques de confidentialit\u00e9"}]},{"@type":"WebSite","@id":"https:\/\/domaine-de-thoricourt.be\/#website","url":"https:\/\/domaine-de-thoricourt.be\/","name":"THORICOURT CASTLE","description":"Thoricourt Castle for a magical event","publisher":{"@id":"https:\/\/domaine-de-thoricourt.be\/#organization"},"potentialAction":[{"@type":"SearchAction","target":{"@type":"EntryPoint","urlTemplate":"https:\/\/domaine-de-thoricourt.be\/?s={search_term_string}"},"query-input":{"@type":"PropertyValueSpecification","valueRequired":true,"valueName":"search_term_string"}}],"inLanguage":"en-US"},{"@type":"Organization","@id":"https:\/\/domaine-de-thoricourt.be\/#organization","name":"THORICOURT CASTLE","url":"https:\/\/domaine-de-thoricourt.be\/","logo":{"@type":"ImageObject","inLanguage":"en-US","@id":"https:\/\/domaine-de-thoricourt.be\/#\/schema\/logo\/image\/","url":"https:\/\/domaine-de-thoricourt.be\/wp-content\/uploads\/2023\/03\/cropped-301116107_421294456766014_464120631137044561_n.jpg","contentUrl":"https:\/\/domaine-de-thoricourt.be\/wp-content\/uploads\/2023\/03\/cropped-301116107_421294456766014_464120631137044561_n.jpg","width":303,"height":200,"caption":"Domaine de Thoricourt"},"image":{"@id":"https:\/\/domaine-de-thoricourt.be\/#\/schema\/logo\/image\/"}}]}},"_links":{"self":[{"href":"https:\/\/domaine-de-thoricourt.be\/en\/wp-json\/wp\/v2\/pages\/12954","targetHints":{"allow":["GET"]}}],"collection":[{"href":"https:\/\/domaine-de-thoricourt.be\/en\/wp-json\/wp\/v2\/pages"}],"about":[{"href":"https:\/\/domaine-de-thoricourt.be\/en\/wp-json\/wp\/v2\/types\/page"}],"author":[{"embeddable":true,"href":"https:\/\/domaine-de-thoricourt.be\/en\/wp-json\/wp\/v2\/users\/1"}],"replies":[{"embeddable":true,"href":"https:\/\/domaine-de-thoricourt.be\/en\/wp-json\/wp\/v2\/comments?post=12954"}],"version-history":[{"count":8,"href":"https:\/\/domaine-de-thoricourt.be\/en\/wp-json\/wp\/v2\/pages\/12954\/revisions"}],"predecessor-version":[{"id":20964,"href":"https:\/\/domaine-de-thoricourt.be\/en\/wp-json\/wp\/v2\/pages\/12954\/revisions\/20964"}],"wp:attachment":[{"href":"https:\/\/domaine-de-thoricourt.be\/en\/wp-json\/wp\/v2\/media?parent=12954"}],"curies":[{"name":"wp","href":"https:\/\/api.w.org\/{rel}","templated":true}]}}