{"id":12954,"date":"2020-08-27T08:23:10","date_gmt":"2020-08-27T06:23:10","guid":{"rendered":"https:\/\/domaine-de-thoricourt.be\/?page_id=12954"},"modified":"2026-04-13T21:45:35","modified_gmt":"2026-04-13T19:45:35","slug":"privacy-policy","status":"publish","type":"page","link":"https:\/\/domaine-de-thoricourt.be\/nl\/privacy-policy\/","title":{"rendered":"Privacy beleid"},"content":{"rendered":"<div data-elementor-type=\"wp-page\" data-elementor-id=\"12954\" class=\"elementor elementor-12954\">\n\t\t\t\t\t\t<section class=\"elementor-section elementor-top-section elementor-element elementor-element-2b1184b0 elementor-section-boxed elementor-section-height-default elementor-section-height-default sc_fly_static\" data-id=\"2b1184b0\" data-element_type=\"section\" data-e-type=\"section\" data-settings=\"{&quot;background_background&quot;:&quot;classic&quot;}\">\n\t\t\t\t\t\t<div class=\"elementor-container elementor-column-gap-extended\">\n\t\t\t\t\t<div class=\"elementor-column elementor-col-100 elementor-top-column elementor-element elementor-element-153e1c19 sc_inner_width_none sc_content_align_inherit sc_layouts_column_icons_position_left sc_fly_static\" data-id=\"153e1c19\" data-element_type=\"column\" data-e-type=\"column\">\n\t\t\t<div class=\"elementor-widget-wrap elementor-element-populated\">\n\t\t\t\t\t\t<div class=\"elementor-element elementor-element-54db29de sc_fly_static elementor-widget elementor-widget-text-editor\" data-id=\"54db29de\" data-element_type=\"widget\" data-e-type=\"widget\" data-widget_type=\"text-editor.default\">\n\t\t\t\t<div class=\"elementor-widget-container\">\n\t\t\t\t\t\t\t\t\t<h5>Cookiebeheer<\/h5><p>Door onze site te gebruiken, verklaart u uitdrukkelijk dat u het vertrouwelijkheidsbeleid van NV Domaine de Thoricourt heeft gelezen en informeert u u zo over de verwerking van uw persoonlijke gegevens volgens de hier beschreven voorwaarden en principes.<\/p><p>Onze site maakt gebruik van cookies om de functionaliteit die deze biedt te verbeteren. Cookies zijn gegevens die op uw apparaat worden opgeslagen en waardoor de site bepaalde informatie over u kan bewaren voor een betere navigatie.<\/p><p>Wij gebruiken verschillende cookies voor specifieke doeleinden:<\/p><p>\u25d9 Noodzakelijke cookies: ze worden gebruikt om ervoor te zorgen dat verschillende functies op de site correct kunnen worden gebruikt. Deze cookies verzamelen geen persoonlijke gegevens;<\/p><p>\u25d9 Functionele cookies: dit zijn cookies die meer comfort bieden bij het gebruik van bepaalde functies van de site. Ze kunnen bijvoorbeeld het adres van de gebruiker opslaan om automatisch het veld &quot;adres&quot; van een formulier in te vullen en te voorkomen dat de gebruiker dit zelf moet invullen.<\/p><p>Door op de knop \u201cIk ga akkoord\u201d te klikken, accepteert u het gebruik van cookies (artikel 6, 1, a van de AVG). U kunt deze goedkeuring op elk moment intrekken door op de knop \u2018Privacybeleid\u2019 onderaan de site te klikken. Als u cookies niet wilt toestaan, kan het gebruik van bepaalde functionaliteiten worden belemmerd.<\/p>\t\t\t\t\t\t\t\t<\/div>\n\t\t\t\t<\/div>\n\t\t\t\t\t<\/div>\n\t\t<\/div>\n\t\t\t\t\t<\/div>\n\t\t<\/section>\n\t\t\t\t<section class=\"elementor-section elementor-top-section elementor-element elementor-element-7ef86bc8 elementor-section-boxed elementor-section-height-default elementor-section-height-default sc_fly_static\" data-id=\"7ef86bc8\" data-element_type=\"section\" data-e-type=\"section\">\n\t\t\t\t\t\t<div class=\"elementor-container elementor-column-gap-extended\">\n\t\t\t\t\t<div class=\"elementor-column elementor-col-100 elementor-top-column elementor-element elementor-element-19372eea sc_inner_width_none sc_content_align_inherit sc_layouts_column_icons_position_left sc_fly_static\" data-id=\"19372eea\" data-element_type=\"column\" data-e-type=\"column\">\n\t\t\t<div class=\"elementor-widget-wrap elementor-element-populated\">\n\t\t\t\t\t\t<div class=\"elementor-element elementor-element-690b98ed sc_fly_static elementor-widget elementor-widget-spacer\" data-id=\"690b98ed\" data-element_type=\"widget\" data-e-type=\"widget\" data-widget_type=\"spacer.default\">\n\t\t\t\t<div class=\"elementor-widget-container\">\n\t\t\t\t\t\t\t<div class=\"elementor-spacer\">\n\t\t\t<div class=\"elementor-spacer-inner\"><\/div>\n\t\t<\/div>\n\t\t\t\t\t\t<\/div>\n\t\t\t\t<\/div>\n\t\t\t\t\t<\/div>\n\t\t<\/div>\n\t\t\t\t\t<\/div>\n\t\t<\/section>\n\t\t\t\t<section class=\"elementor-section elementor-top-section elementor-element elementor-element-a2ec18c elementor-section-boxed elementor-section-height-default elementor-section-height-default sc_fly_static\" data-id=\"a2ec18c\" data-element_type=\"section\" data-e-type=\"section\" data-settings=\"{&quot;background_background&quot;:&quot;classic&quot;}\">\n\t\t\t\t\t\t<div class=\"elementor-container elementor-column-gap-extended\">\n\t\t\t\t\t<div class=\"elementor-column elementor-col-100 elementor-top-column elementor-element elementor-element-e4f67bc sc_inner_width_none sc_content_align_inherit sc_layouts_column_icons_position_left sc_fly_static\" data-id=\"e4f67bc\" data-element_type=\"column\" data-e-type=\"column\">\n\t\t\t<div class=\"elementor-widget-wrap elementor-element-populated\">\n\t\t\t\t\t\t<div class=\"elementor-element elementor-element-fc87c00 sc_fly_static elementor-widget elementor-widget-text-editor\" data-id=\"fc87c00\" data-element_type=\"widget\" data-e-type=\"widget\" data-widget_type=\"text-editor.default\">\n\t\t\t\t<div class=\"elementor-widget-container\">\n\t\t\t\t\t\t\t\t\t<h5>Verwerking van persoonsgegevens<\/h5>\n<p>NV Domaine de Thoricourt treedt op als gegevensbeheerder met betrekking tot persoonsgegevens die worden verzameld en verwerkt in de context van uw gebruik van de site.<\/p>\n<p>Alle gegevens over de gebruiker die via cookies of siteformulieren worden verzameld, worden alleen in onze database opgeslagen als hij vooraf toestemming heeft gegeven. Deze informatie zal niet worden gebruikt onder andere voorwaarden dan die welke de gebruiker heeft geaccepteerd. De gebruiker heeft het recht om elke informatie die op hem betrekking heeft in te zien: hij kan deze raadplegen, wijzigen of zelfs verwijderen wanneer hij dat wenst en zonder daarvoor een reden te moeten opgeven aan NV Domaine de Thoricourt. Hiertoe kan de gebruiker per e-mail contact opnemen met de verantwoordelijke voor de verwerking op info@domaine-de-thoricourt.be.<\/p>\n<p>Zodra het verzoek is ingediend, zal NV Domaine de Thoricourt zo snel mogelijk contact opnemen met de gebruiker om zijn verzoek op te volgen.<\/p>\n<p>Uw gegevens kunnen worden gebruikt voor:<\/p>\n<p>\u25d9 NV Domaine de Thoricourt toestaan om op uw verzoeken te reageren;<\/p>\n<p>\u25d9 Onze diensten aanbieden aan de gebruiker;<\/p>\n<p>\u25d9 Verbeter de gebruikerservaring;<\/p>\n<p>\u25d9 Analyseer deze gegevens om de werking van de site te verbeteren;<\/p>\n<p>Uw gegevens worden zonder uw toestemming niet aan derden doorgegeven. NV Domaine de Thoricourt maakt uw persoonsgegevens niet bekend aan derden voor direct marketingdoeleinden, noch verwerkt zij uw persoonsgegevens voor prospectiedoeleinden, inclusief profilering.<\/p>\t\t\t\t\t\t\t\t<\/div>\n\t\t\t\t<\/div>\n\t\t\t\t\t<\/div>\n\t\t<\/div>\n\t\t\t\t\t<\/div>\n\t\t<\/section>\n\t\t\t\t<section class=\"elementor-section elementor-top-section elementor-element elementor-element-1ce0fbce elementor-section-boxed elementor-section-height-default elementor-section-height-default sc_fly_static\" data-id=\"1ce0fbce\" data-element_type=\"section\" data-e-type=\"section\">\n\t\t\t\t\t\t<div class=\"elementor-container elementor-column-gap-extended\">\n\t\t\t\t\t<div class=\"elementor-column elementor-col-100 elementor-top-column elementor-element elementor-element-71737124 sc_inner_width_none sc_content_align_inherit sc_layouts_column_icons_position_left sc_fly_static\" data-id=\"71737124\" data-element_type=\"column\" data-e-type=\"column\">\n\t\t\t<div class=\"elementor-widget-wrap elementor-element-populated\">\n\t\t\t\t\t\t<div class=\"elementor-element elementor-element-653057c1 sc_fly_static elementor-widget elementor-widget-spacer\" data-id=\"653057c1\" data-element_type=\"widget\" data-e-type=\"widget\" data-widget_type=\"spacer.default\">\n\t\t\t\t<div class=\"elementor-widget-container\">\n\t\t\t\t\t\t\t<div class=\"elementor-spacer\">\n\t\t\t<div class=\"elementor-spacer-inner\"><\/div>\n\t\t<\/div>\n\t\t\t\t\t\t<\/div>\n\t\t\t\t<\/div>\n\t\t\t\t\t<\/div>\n\t\t<\/div>\n\t\t\t\t\t<\/div>\n\t\t<\/section>\n\t\t\t\t<section class=\"elementor-section elementor-top-section elementor-element elementor-element-7321157f elementor-section-boxed elementor-section-height-default elementor-section-height-default sc_fly_static\" data-id=\"7321157f\" data-element_type=\"section\" data-e-type=\"section\" data-settings=\"{&quot;background_background&quot;:&quot;classic&quot;}\">\n\t\t\t\t\t\t<div class=\"elementor-container elementor-column-gap-extended\">\n\t\t\t\t\t<div class=\"elementor-column elementor-col-100 elementor-top-column elementor-element elementor-element-770fd656 sc_inner_width_none sc_content_align_inherit sc_layouts_column_icons_position_left sc_fly_static\" data-id=\"770fd656\" data-element_type=\"column\" data-e-type=\"column\">\n\t\t\t<div class=\"elementor-widget-wrap elementor-element-populated\">\n\t\t\t\t\t\t<div class=\"elementor-element elementor-element-20d12e1e sc_fly_static elementor-widget elementor-widget-text-editor\" data-id=\"20d12e1e\" data-element_type=\"widget\" data-e-type=\"widget\" data-widget_type=\"text-editor.default\">\n\t\t\t\t<div class=\"elementor-widget-container\">\n\t\t\t\t\t\t\t\t\t<h5>Beveiliging<\/h5><p>We doen redelijke inspanningen om de persoonlijke informatie van Gebruikers te beschermen, maar geen enkel bedrijf, inclusief ons BEDRIJF, kan de veiligheidsrisico&#039;s die gepaard gaan met het verwerken van informatie op internet volledig elimineren. De persoonlijke gegevens van onze Gebruikers kunnen bijvoorbeeld worden be\u00efnvloed door handelingen buiten onze controle, zoals &#039;hacking&#039; en fysieke diefstal. De Gebruiker erkent dat hij zijn persoonlijke gegevens op eigen risico verstrekt.<\/p>\t\t\t\t\t\t\t\t<\/div>\n\t\t\t\t<\/div>\n\t\t\t\t\t<\/div>\n\t\t<\/div>\n\t\t\t\t\t<\/div>\n\t\t<\/section>\n\t\t\t\t<section class=\"elementor-section elementor-top-section elementor-element elementor-element-6d09f250 elementor-section-boxed elementor-section-height-default elementor-section-height-default sc_fly_static\" data-id=\"6d09f250\" data-element_type=\"section\" data-e-type=\"section\">\n\t\t\t\t\t\t<div class=\"elementor-container elementor-column-gap-extended\">\n\t\t\t\t\t<div class=\"elementor-column elementor-col-100 elementor-top-column elementor-element elementor-element-936cd29 sc_inner_width_none sc_content_align_inherit sc_layouts_column_icons_position_left sc_fly_static\" data-id=\"936cd29\" data-element_type=\"column\" data-e-type=\"column\">\n\t\t\t<div class=\"elementor-widget-wrap elementor-element-populated\">\n\t\t\t\t\t\t<div class=\"elementor-element elementor-element-1a296be8 sc_fly_static elementor-widget elementor-widget-spacer\" data-id=\"1a296be8\" data-element_type=\"widget\" data-e-type=\"widget\" data-widget_type=\"spacer.default\">\n\t\t\t\t<div class=\"elementor-widget-container\">\n\t\t\t\t\t\t\t<div class=\"elementor-spacer\">\n\t\t\t<div class=\"elementor-spacer-inner\"><\/div>\n\t\t<\/div>\n\t\t\t\t\t\t<\/div>\n\t\t\t\t<\/div>\n\t\t\t\t\t<\/div>\n\t\t<\/div>\n\t\t\t\t\t<\/div>\n\t\t<\/section>\n\t\t\t\t<\/div>","protected":false},"excerpt":{"rendered":"<p>Gestion des cookies En utilisant notre site, vous d\u00e9clarez explicitement avoir lu la politique de confidentialit\u00e9 de S.A. Domaine de Thoricourt, vous informant ainsi du traitement de vos donn\u00e9es personnelles&hellip;<\/p>","protected":false},"author":1,"featured_media":0,"parent":0,"menu_order":0,"comment_status":"closed","ping_status":"closed","template":"","meta":{"footnotes":""},"class_list":["post-12954","page","type-page","status-publish","hentry"],"yoast_head":"<!-- This site is optimized with the Yoast SEO plugin v24.1 - https:\/\/yoast.com\/wordpress\/plugins\/seo\/ -->\n<title>Politiques de confidentialit\u00e9 - Domaine de Thoricourt<\/title>\n<meta name=\"robots\" content=\"index, follow, max-snippet:-1, max-image-preview:large, max-video-preview:-1\" \/>\n<link rel=\"canonical\" href=\"https:\/\/domaine-de-thoricourt.be\/nl\/privacy-policy\/\" \/>\n<meta property=\"og:locale\" content=\"nl_BE\" \/>\n<meta property=\"og:type\" content=\"article\" \/>\n<meta property=\"og:title\" content=\"Politiques de confidentialit\u00e9 - Domaine de Thoricourt\" \/>\n<meta property=\"og:description\" content=\"Gestion des cookies En utilisant notre site, vous d\u00e9clarez explicitement avoir lu la politique de confidentialit\u00e9 de S.A. Domaine de Thoricourt, vous informant ainsi du traitement de vos donn\u00e9es personnelles&hellip;\" \/>\n<meta property=\"og:url\" content=\"https:\/\/domaine-de-thoricourt.be\/nl\/privacy-policy\/\" \/>\n<meta property=\"og:site_name\" content=\"Domaine de Thoricourt\" \/>\n<meta property=\"article:modified_time\" content=\"2026-04-13T19:45:35+00:00\" \/>\n<meta name=\"twitter:card\" content=\"summary_large_image\" \/>\n<meta name=\"twitter:label1\" content=\"Geschatte leestijd\" \/>\n\t<meta name=\"twitter:data1\" content=\"3 minuten\" \/>\n<script type=\"application\/ld+json\" class=\"yoast-schema-graph\">{\"@context\":\"https:\/\/schema.org\",\"@graph\":[{\"@type\":\"WebPage\",\"@id\":\"https:\/\/domaine-de-thoricourt.be\/privacy-policy\/\",\"url\":\"https:\/\/domaine-de-thoricourt.be\/privacy-policy\/\",\"name\":\"Politiques de confidentialit\u00e9 - Domaine de Thoricourt\",\"isPartOf\":{\"@id\":\"https:\/\/domaine-de-thoricourt.be\/#website\"},\"datePublished\":\"2020-08-27T06:23:10+00:00\",\"dateModified\":\"2026-04-13T19:45:35+00:00\",\"breadcrumb\":{\"@id\":\"https:\/\/domaine-de-thoricourt.be\/privacy-policy\/#breadcrumb\"},\"inLanguage\":\"nl-BE\",\"potentialAction\":[{\"@type\":\"ReadAction\",\"target\":[\"https:\/\/domaine-de-thoricourt.be\/privacy-policy\/\"]}]},{\"@type\":\"BreadcrumbList\",\"@id\":\"https:\/\/domaine-de-thoricourt.be\/privacy-policy\/#breadcrumb\",\"itemListElement\":[{\"@type\":\"ListItem\",\"position\":1,\"name\":\"Accueil\",\"item\":\"https:\/\/domaine-de-thoricourt.be\/\"},{\"@type\":\"ListItem\",\"position\":2,\"name\":\"Politiques de confidentialit\u00e9\"}]},{\"@type\":\"WebSite\",\"@id\":\"https:\/\/domaine-de-thoricourt.be\/#website\",\"url\":\"https:\/\/domaine-de-thoricourt.be\/\",\"name\":\"Domaine de Thoricourt\",\"description\":\"Le ch\u00e2teau de Thoricourt pour un \u00e9v\u00e8nements magique\",\"publisher\":{\"@id\":\"https:\/\/domaine-de-thoricourt.be\/#organization\"},\"potentialAction\":[{\"@type\":\"SearchAction\",\"target\":{\"@type\":\"EntryPoint\",\"urlTemplate\":\"https:\/\/domaine-de-thoricourt.be\/?s={search_term_string}\"},\"query-input\":{\"@type\":\"PropertyValueSpecification\",\"valueRequired\":true,\"valueName\":\"search_term_string\"}}],\"inLanguage\":\"nl-BE\"},{\"@type\":\"Organization\",\"@id\":\"https:\/\/domaine-de-thoricourt.be\/#organization\",\"name\":\"Domaine de Thoricourt\",\"url\":\"https:\/\/domaine-de-thoricourt.be\/\",\"logo\":{\"@type\":\"ImageObject\",\"inLanguage\":\"nl-BE\",\"@id\":\"https:\/\/domaine-de-thoricourt.be\/#\/schema\/logo\/image\/\",\"url\":\"https:\/\/domaine-de-thoricourt.be\/wp-content\/uploads\/2023\/03\/cropped-301116107_421294456766014_464120631137044561_n.jpg\",\"contentUrl\":\"https:\/\/domaine-de-thoricourt.be\/wp-content\/uploads\/2023\/03\/cropped-301116107_421294456766014_464120631137044561_n.jpg\",\"width\":303,\"height\":200,\"caption\":\"Domaine de Thoricourt\"},\"image\":{\"@id\":\"https:\/\/domaine-de-thoricourt.be\/#\/schema\/logo\/image\/\"}}]}<\/script>\n<!-- \/ Yoast SEO plugin. -->","yoast_head_json":{"title":"Politiques de confidentialit\u00e9 - Domaine de Thoricourt","robots":{"index":"index","follow":"follow","max-snippet":"max-snippet:-1","max-image-preview":"max-image-preview:large","max-video-preview":"max-video-preview:-1"},"canonical":"https:\/\/domaine-de-thoricourt.be\/nl\/privacy-policy\/","og_locale":"nl_BE","og_type":"article","og_title":"Politiques de confidentialit\u00e9 - Domaine de Thoricourt","og_description":"Gestion des cookies En utilisant notre site, vous d\u00e9clarez explicitement avoir lu la politique de confidentialit\u00e9 de S.A. Domaine de Thoricourt, vous informant ainsi du traitement de vos donn\u00e9es personnelles&hellip;","og_url":"https:\/\/domaine-de-thoricourt.be\/nl\/privacy-policy\/","og_site_name":"Domaine de Thoricourt","article_modified_time":"2026-04-13T19:45:35+00:00","twitter_card":"summary_large_image","twitter_misc":{"Geschatte leestijd":"3 minuten"},"schema":{"@context":"https:\/\/schema.org","@graph":[{"@type":"WebPage","@id":"https:\/\/domaine-de-thoricourt.be\/privacy-policy\/","url":"https:\/\/domaine-de-thoricourt.be\/privacy-policy\/","name":"Politiques de confidentialit\u00e9 - Domaine de Thoricourt","isPartOf":{"@id":"https:\/\/domaine-de-thoricourt.be\/#website"},"datePublished":"2020-08-27T06:23:10+00:00","dateModified":"2026-04-13T19:45:35+00:00","breadcrumb":{"@id":"https:\/\/domaine-de-thoricourt.be\/privacy-policy\/#breadcrumb"},"inLanguage":"nl-BE","potentialAction":[{"@type":"ReadAction","target":["https:\/\/domaine-de-thoricourt.be\/privacy-policy\/"]}]},{"@type":"BreadcrumbList","@id":"https:\/\/domaine-de-thoricourt.be\/privacy-policy\/#breadcrumb","itemListElement":[{"@type":"ListItem","position":1,"name":"Accueil","item":"https:\/\/domaine-de-thoricourt.be\/"},{"@type":"ListItem","position":2,"name":"Politiques de confidentialit\u00e9"}]},{"@type":"WebSite","@id":"https:\/\/domaine-de-thoricourt.be\/#website","url":"https:\/\/domaine-de-thoricourt.be\/","name":"KASTEEL VAN THORICOURT","description":"Kasteel Thoricourt voor een magisch evenement","publisher":{"@id":"https:\/\/domaine-de-thoricourt.be\/#organization"},"potentialAction":[{"@type":"SearchAction","target":{"@type":"EntryPoint","urlTemplate":"https:\/\/domaine-de-thoricourt.be\/?s={search_term_string}"},"query-input":{"@type":"PropertyValueSpecification","valueRequired":true,"valueName":"search_term_string"}}],"inLanguage":"nl-BE"},{"@type":"Organization","@id":"https:\/\/domaine-de-thoricourt.be\/#organization","name":"KASTEEL VAN THORICOURT","url":"https:\/\/domaine-de-thoricourt.be\/","logo":{"@type":"ImageObject","inLanguage":"nl-BE","@id":"https:\/\/domaine-de-thoricourt.be\/#\/schema\/logo\/image\/","url":"https:\/\/domaine-de-thoricourt.be\/wp-content\/uploads\/2023\/03\/cropped-301116107_421294456766014_464120631137044561_n.jpg","contentUrl":"https:\/\/domaine-de-thoricourt.be\/wp-content\/uploads\/2023\/03\/cropped-301116107_421294456766014_464120631137044561_n.jpg","width":303,"height":200,"caption":"Domaine de Thoricourt"},"image":{"@id":"https:\/\/domaine-de-thoricourt.be\/#\/schema\/logo\/image\/"}}]}},"_links":{"self":[{"href":"https:\/\/domaine-de-thoricourt.be\/nl\/wp-json\/wp\/v2\/pages\/12954","targetHints":{"allow":["GET"]}}],"collection":[{"href":"https:\/\/domaine-de-thoricourt.be\/nl\/wp-json\/wp\/v2\/pages"}],"about":[{"href":"https:\/\/domaine-de-thoricourt.be\/nl\/wp-json\/wp\/v2\/types\/page"}],"author":[{"embeddable":true,"href":"https:\/\/domaine-de-thoricourt.be\/nl\/wp-json\/wp\/v2\/users\/1"}],"replies":[{"embeddable":true,"href":"https:\/\/domaine-de-thoricourt.be\/nl\/wp-json\/wp\/v2\/comments?post=12954"}],"version-history":[{"count":8,"href":"https:\/\/domaine-de-thoricourt.be\/nl\/wp-json\/wp\/v2\/pages\/12954\/revisions"}],"predecessor-version":[{"id":20964,"href":"https:\/\/domaine-de-thoricourt.be\/nl\/wp-json\/wp\/v2\/pages\/12954\/revisions\/20964"}],"wp:attachment":[{"href":"https:\/\/domaine-de-thoricourt.be\/nl\/wp-json\/wp\/v2\/media?parent=12954"}],"curies":[{"name":"wp","href":"https:\/\/api.w.org\/{rel}","templated":true}]}}